{"id":38,"date":"2014-02-10T22:47:05","date_gmt":"2014-02-10T21:47:05","guid":{"rendered":"http:\/\/www.leadele.be\/?page_id=38"},"modified":"2015-10-20T08:50:47","modified_gmt":"2015-10-20T06:50:47","slug":"liens","status":"publish","type":"page","link":"http:\/\/www.leadele.be\/?page_id=38","title":{"rendered":"Liens"},"content":{"rendered":"<p>Voici quelques liens int\u00e9ressants:<\/p>\n<ul>\n<li><a title=\"Animal DNA\" href=\"http:\/\/www.animalsdna.com\/www.animalsdna.com\/index.html\" target=\"_blank\">ANIMAL DNA : Tests g\u00e9n\u00e9tiques f\u00e9lins et canins<\/a><\/li>\n<li><a href=\"http:\/\/wondercat.be\" target=\"_blank\">Chatterie Wondercat<\/a><\/li>\n<li><a title=\"Chatterie du Val de la Bel\" href=\"http:\/\/chatterieduvaldelabe.wix.com\/chatterie\" target=\"_blank\">Chatterie du Val de la Bel<\/a><\/li>\n<li><a title=\"Association F\u00e9line Belge\" href=\"http:\/\/users.skynet.be\/afbjacobs\/\" target=\"_blank\">Association F\u00e9line Belge (A.F.B.)<\/a><\/li>\n<li><a title=\"Centrale F\u00e9line Belge\" href=\"http:\/\/www.lacentralefelinebelge.be\/\" target=\"_blank\">Centrale F\u00e9line Belge (C.F.B.)<\/a><\/li>\n<li><a title=\"WS Store\" href=\"https:\/\/www.facebook.com\/pages\/WS-Store\/1040149989332688\" target=\"_blank\">WS Store (web store accessoires pour animaux)<\/a><\/li>\n<li><a href=\"http:\/\/www.narou.be\" target=\"_blank\">Narou the Gold of Tiffacy (notre Border Collie)<\/a><\/li>\n<\/ul>\n<p>&nbsp;<\/p>\n","protected":false},"excerpt":{"rendered":"<p>Voici quelques liens int\u00e9ressants: ANIMAL DNA : Tests g\u00e9n\u00e9tiques f\u00e9lins et canins Chatterie Wondercat Chatterie du Val de la Bel Association F\u00e9line Belge (A.F.B.) Centrale F\u00e9line Belge (C.F.B.) WS Store (web store accessoires pour animaux) Narou the Gold of Tiffacy (notre Border Collie) &nbsp;<\/p>\n","protected":false},"author":1,"featured_media":0,"parent":0,"menu_order":0,"comment_status":"closed","ping_status":"open","template":"","meta":{"footnotes":""},"yoast_head":"<!-- This site is optimized with the Yoast SEO plugin v23.5 - https:\/\/yoast.com\/wordpress\/plugins\/seo\/ -->\n<title>Liens - Chatterie de L\u00e9ad\u00e8le<\/title>\n<meta name=\"robots\" content=\"index, follow, max-snippet:-1, max-image-preview:large, max-video-preview:-1\" \/>\n<link rel=\"canonical\" href=\"http:\/\/www.leadele.be\/?page_id=38\" \/>\n<meta property=\"og:locale\" content=\"fr_FR\" \/>\n<meta property=\"og:type\" content=\"article\" \/>\n<meta property=\"og:title\" content=\"Liens - Chatterie de L\u00e9ad\u00e8le\" \/>\n<meta property=\"og:description\" content=\"Voici quelques liens int\u00e9ressants: ANIMAL DNA : Tests g\u00e9n\u00e9tiques f\u00e9lins et canins Chatterie Wondercat Chatterie du Val de la Bel Association F\u00e9line Belge (A.F.B.) Centrale F\u00e9line Belge (C.F.B.) WS Store (web store accessoires pour animaux) Narou the Gold of Tiffacy (notre Border Collie) &nbsp;\" \/>\n<meta property=\"og:url\" content=\"http:\/\/www.leadele.be\/?page_id=38\" \/>\n<meta property=\"og:site_name\" content=\"Chatterie de L\u00e9ad\u00e8le\" \/>\n<meta property=\"article:publisher\" content=\"https:\/\/www.facebook.com\/chatterieleadele\" \/>\n<meta property=\"article:modified_time\" content=\"2015-10-20T06:50:47+00:00\" \/>\n<meta name=\"twitter:card\" content=\"summary_large_image\" \/>\n<script type=\"application\/ld+json\" class=\"yoast-schema-graph\">{\"@context\":\"https:\/\/schema.org\",\"@graph\":[{\"@type\":\"WebPage\",\"@id\":\"http:\/\/www.leadele.be\/?page_id=38\",\"url\":\"http:\/\/www.leadele.be\/?page_id=38\",\"name\":\"Liens - Chatterie de L\u00e9ad\u00e8le\",\"isPartOf\":{\"@id\":\"https:\/\/www.leadele.be\/#website\"},\"datePublished\":\"2014-02-10T21:47:05+00:00\",\"dateModified\":\"2015-10-20T06:50:47+00:00\",\"breadcrumb\":{\"@id\":\"http:\/\/www.leadele.be\/?page_id=38#breadcrumb\"},\"inLanguage\":\"fr-FR\",\"potentialAction\":[{\"@type\":\"ReadAction\",\"target\":[\"http:\/\/www.leadele.be\/?page_id=38\"]}]},{\"@type\":\"BreadcrumbList\",\"@id\":\"http:\/\/www.leadele.be\/?page_id=38#breadcrumb\",\"itemListElement\":[{\"@type\":\"ListItem\",\"position\":1,\"name\":\"Accueil\",\"item\":\"https:\/\/www.leadele.be\/\"},{\"@type\":\"ListItem\",\"position\":2,\"name\":\"Liens\"}]},{\"@type\":\"WebSite\",\"@id\":\"https:\/\/www.leadele.be\/#website\",\"url\":\"https:\/\/www.leadele.be\/\",\"name\":\"Chatterie de L\u00e9ad\u00e8le\",\"description\":\"Chatterie British Shorthair Black Silver Tabby\",\"potentialAction\":[{\"@type\":\"SearchAction\",\"target\":{\"@type\":\"EntryPoint\",\"urlTemplate\":\"https:\/\/www.leadele.be\/?s={search_term_string}\"},\"query-input\":{\"@type\":\"PropertyValueSpecification\",\"valueRequired\":true,\"valueName\":\"search_term_string\"}}],\"inLanguage\":\"fr-FR\"}]}<\/script>\n<!-- \/ Yoast SEO plugin. -->","yoast_head_json":{"title":"Liens - Chatterie de L\u00e9ad\u00e8le","robots":{"index":"index","follow":"follow","max-snippet":"max-snippet:-1","max-image-preview":"max-image-preview:large","max-video-preview":"max-video-preview:-1"},"canonical":"http:\/\/www.leadele.be\/?page_id=38","og_locale":"fr_FR","og_type":"article","og_title":"Liens - Chatterie de L\u00e9ad\u00e8le","og_description":"Voici quelques liens int\u00e9ressants: ANIMAL DNA : Tests g\u00e9n\u00e9tiques f\u00e9lins et canins Chatterie Wondercat Chatterie du Val de la Bel Association F\u00e9line Belge (A.F.B.) Centrale F\u00e9line Belge (C.F.B.) WS Store (web store accessoires pour animaux) Narou the Gold of Tiffacy (notre Border Collie) &nbsp;","og_url":"http:\/\/www.leadele.be\/?page_id=38","og_site_name":"Chatterie de L\u00e9ad\u00e8le","article_publisher":"https:\/\/www.facebook.com\/chatterieleadele","article_modified_time":"2015-10-20T06:50:47+00:00","twitter_card":"summary_large_image","schema":{"@context":"https:\/\/schema.org","@graph":[{"@type":"WebPage","@id":"http:\/\/www.leadele.be\/?page_id=38","url":"http:\/\/www.leadele.be\/?page_id=38","name":"Liens - Chatterie de L\u00e9ad\u00e8le","isPartOf":{"@id":"https:\/\/www.leadele.be\/#website"},"datePublished":"2014-02-10T21:47:05+00:00","dateModified":"2015-10-20T06:50:47+00:00","breadcrumb":{"@id":"http:\/\/www.leadele.be\/?page_id=38#breadcrumb"},"inLanguage":"fr-FR","potentialAction":[{"@type":"ReadAction","target":["http:\/\/www.leadele.be\/?page_id=38"]}]},{"@type":"BreadcrumbList","@id":"http:\/\/www.leadele.be\/?page_id=38#breadcrumb","itemListElement":[{"@type":"ListItem","position":1,"name":"Accueil","item":"https:\/\/www.leadele.be\/"},{"@type":"ListItem","position":2,"name":"Liens"}]},{"@type":"WebSite","@id":"https:\/\/www.leadele.be\/#website","url":"https:\/\/www.leadele.be\/","name":"Chatterie de L\u00e9ad\u00e8le","description":"Chatterie British Shorthair Black Silver Tabby","potentialAction":[{"@type":"SearchAction","target":{"@type":"EntryPoint","urlTemplate":"https:\/\/www.leadele.be\/?s={search_term_string}"},"query-input":{"@type":"PropertyValueSpecification","valueRequired":true,"valueName":"search_term_string"}}],"inLanguage":"fr-FR"}]}},"_links":{"self":[{"href":"http:\/\/www.leadele.be\/index.php?rest_route=\/wp\/v2\/pages\/38"}],"collection":[{"href":"http:\/\/www.leadele.be\/index.php?rest_route=\/wp\/v2\/pages"}],"about":[{"href":"http:\/\/www.leadele.be\/index.php?rest_route=\/wp\/v2\/types\/page"}],"author":[{"embeddable":true,"href":"http:\/\/www.leadele.be\/index.php?rest_route=\/wp\/v2\/users\/1"}],"replies":[{"embeddable":true,"href":"http:\/\/www.leadele.be\/index.php?rest_route=%2Fwp%2Fv2%2Fcomments&post=38"}],"version-history":[{"count":12,"href":"http:\/\/www.leadele.be\/index.php?rest_route=\/wp\/v2\/pages\/38\/revisions"}],"predecessor-version":[{"id":216,"href":"http:\/\/www.leadele.be\/index.php?rest_route=\/wp\/v2\/pages\/38\/revisions\/216"}],"wp:attachment":[{"href":"http:\/\/www.leadele.be\/index.php?rest_route=%2Fwp%2Fv2%2Fmedia&parent=38"}],"curies":[{"name":"wp","href":"https:\/\/api.w.org\/{rel}","templated":true}]}}