{"id":374,"date":"2017-12-19T07:21:54","date_gmt":"2017-12-19T06:21:54","guid":{"rendered":"http:\/\/www.leadele.be\/?page_id=374"},"modified":"2018-04-03T07:46:33","modified_gmt":"2018-04-03T06:46:33","slug":"chatons-2018","status":"publish","type":"page","link":"http:\/\/www.leadele.be\/?page_id=374","title":{"rendered":"Chatons 2018"},"content":{"rendered":"<p>Les chatons sont n\u00e9s le 13 f\u00e9vrier 2018.<\/p>\n<p><a href=\"http:\/\/www.leadele.be\/wp-content\/uploads\/2018\/02\/IMG_7335.jpg\"><img loading=\"lazy\" decoding=\"async\" class=\"alignnone wp-image-391\" src=\"http:\/\/www.leadele.be\/wp-content\/uploads\/2018\/02\/IMG_7335.jpg\" alt=\"\" width=\"344\" height=\"258\" srcset=\"http:\/\/www.leadele.be\/wp-content\/uploads\/2018\/02\/IMG_7335.jpg 4032w, http:\/\/www.leadele.be\/wp-content\/uploads\/2018\/02\/IMG_7335-300x225.jpg 300w, http:\/\/www.leadele.be\/wp-content\/uploads\/2018\/02\/IMG_7335-768x576.jpg 768w, http:\/\/www.leadele.be\/wp-content\/uploads\/2018\/02\/IMG_7335-1024x768.jpg 1024w\" sizes=\"(max-width: 344px) 100vw, 344px\" \/><\/a><\/p>\n<p>Ils sont au nombre de 3 cette ann\u00e9e. Il y a un Black Silver Tabby Spotted, 1 Black Silver Tabby Blotched et 1 Black Smoke.<\/p>\n<p>N&rsquo;h\u00e9sitez pas \u00e0 faire un tour sur <a title=\"Conditions d\u2019achat\" href=\"http:\/\/www.leadele.be\/?page_id=28\">les conditions d&rsquo;achat<\/a>.<\/p>\n<p><span style=\"text-decoration: underline;\"><strong>O tempora,\u00a0O mores\u00a0&#8211; Femelle (r\u00e9serv\u00e9e)<\/strong><\/span><\/p>\n<p>British Shorthair Black Smoke<\/p>\n<p><a href=\"http:\/\/www.leadele.be\/wp-content\/uploads\/2018\/02\/IMG_1029.jpg\"><img loading=\"lazy\" decoding=\"async\" class=\"alignnone wp-image-404\" src=\"http:\/\/www.leadele.be\/wp-content\/uploads\/2018\/02\/IMG_1029.jpg\" alt=\"\" width=\"279\" height=\"209\" srcset=\"http:\/\/www.leadele.be\/wp-content\/uploads\/2018\/02\/IMG_1029.jpg 4608w, http:\/\/www.leadele.be\/wp-content\/uploads\/2018\/02\/IMG_1029-300x225.jpg 300w, http:\/\/www.leadele.be\/wp-content\/uploads\/2018\/02\/IMG_1029-768x576.jpg 768w, http:\/\/www.leadele.be\/wp-content\/uploads\/2018\/02\/IMG_1029-1024x768.jpg 1024w\" sizes=\"(max-width: 279px) 100vw, 279px\" \/>\u00a0\u00a0<\/a><a href=\"http:\/\/www.leadele.be\/wp-content\/uploads\/2018\/02\/IMG_1082.jpg\"><img loading=\"lazy\" decoding=\"async\" class=\"alignnone wp-image-405\" src=\"http:\/\/www.leadele.be\/wp-content\/uploads\/2018\/02\/IMG_1082.jpg\" alt=\"\" width=\"278\" height=\"208\" srcset=\"http:\/\/www.leadele.be\/wp-content\/uploads\/2018\/02\/IMG_1082.jpg 4608w, http:\/\/www.leadele.be\/wp-content\/uploads\/2018\/02\/IMG_1082-300x225.jpg 300w, http:\/\/www.leadele.be\/wp-content\/uploads\/2018\/02\/IMG_1082-768x576.jpg 768w, http:\/\/www.leadele.be\/wp-content\/uploads\/2018\/02\/IMG_1082-1024x768.jpg 1024w\" sizes=\"(max-width: 278px) 100vw, 278px\" \/><\/a><\/p>\n<p><a href=\"http:\/\/www.leadele.be\/photos\/index.php\/Chatons-2018\/O1\" target=\"_blank\" rel=\"noopener\"><em>(<\/em><em>pour voir d&rsquo;autres photos, cliquer ici)<\/em><\/a><\/p>\n<p>&nbsp;<\/p>\n<p><span style=\"text-decoration: underline;\"><strong>Orph\u00e9e &#8211; Femelle (r\u00e9serv\u00e9e)<\/strong><\/span><\/p>\n<p>British Shorthair Black Silver Tabby Blotched<\/p>\n<p><a href=\"http:\/\/www.leadele.be\/wp-content\/uploads\/2018\/02\/IMG_1043.jpg\"><img loading=\"lazy\" decoding=\"async\" class=\"alignnone wp-image-407\" src=\"http:\/\/www.leadele.be\/wp-content\/uploads\/2018\/02\/IMG_1043.jpg\" alt=\"\" width=\"270\" height=\"202\" srcset=\"http:\/\/www.leadele.be\/wp-content\/uploads\/2018\/02\/IMG_1043.jpg 4608w, http:\/\/www.leadele.be\/wp-content\/uploads\/2018\/02\/IMG_1043-300x225.jpg 300w, http:\/\/www.leadele.be\/wp-content\/uploads\/2018\/02\/IMG_1043-768x576.jpg 768w, http:\/\/www.leadele.be\/wp-content\/uploads\/2018\/02\/IMG_1043-1024x768.jpg 1024w\" sizes=\"(max-width: 270px) 100vw, 270px\" \/>\u00a0\u00a0<\/a><a href=\"http:\/\/www.leadele.be\/wp-content\/uploads\/2018\/02\/IMG_1055.jpg\"><img loading=\"lazy\" decoding=\"async\" class=\"alignnone wp-image-408\" src=\"http:\/\/www.leadele.be\/wp-content\/uploads\/2018\/02\/IMG_1055.jpg\" alt=\"\" width=\"269\" height=\"202\" srcset=\"http:\/\/www.leadele.be\/wp-content\/uploads\/2018\/02\/IMG_1055.jpg 4608w, http:\/\/www.leadele.be\/wp-content\/uploads\/2018\/02\/IMG_1055-300x225.jpg 300w, http:\/\/www.leadele.be\/wp-content\/uploads\/2018\/02\/IMG_1055-768x576.jpg 768w, http:\/\/www.leadele.be\/wp-content\/uploads\/2018\/02\/IMG_1055-1024x768.jpg 1024w\" sizes=\"(max-width: 269px) 100vw, 269px\" \/><\/a><\/p>\n<p><a href=\"http:\/\/www.leadele.be\/photos\/index.php\/Chatons-2018\/Orphee\" target=\"_blank\" rel=\"noopener\"><em>(<\/em><em>pour voir d&rsquo;autres photos, cliquer ici)<\/em><\/a><\/p>\n<p>&nbsp;<\/p>\n<p><strong><u>Odinson Loki &#8211; M\u00e2le (r\u00e9serv\u00e9<\/u><\/strong><strong><u>)<\/u><\/strong><\/p>\n<p>British Shorthair Black Silver Tabby Spotted<\/p>\n<p><a href=\"http:\/\/www.leadele.be\/wp-content\/uploads\/2018\/02\/IMG_1022.jpg\"><img loading=\"lazy\" decoding=\"async\" class=\"alignnone wp-image-409\" src=\"http:\/\/www.leadele.be\/wp-content\/uploads\/2018\/02\/IMG_1022.jpg\" alt=\"\" width=\"258\" height=\"193\" srcset=\"http:\/\/www.leadele.be\/wp-content\/uploads\/2018\/02\/IMG_1022.jpg 4608w, http:\/\/www.leadele.be\/wp-content\/uploads\/2018\/02\/IMG_1022-300x225.jpg 300w, http:\/\/www.leadele.be\/wp-content\/uploads\/2018\/02\/IMG_1022-768x576.jpg 768w, http:\/\/www.leadele.be\/wp-content\/uploads\/2018\/02\/IMG_1022-1024x768.jpg 1024w\" sizes=\"(max-width: 258px) 100vw, 258px\" \/><\/a>\u00a0<a href=\"http:\/\/www.leadele.be\/wp-content\/uploads\/2018\/02\/IMG_1058.jpg\"><img loading=\"lazy\" decoding=\"async\" class=\"alignnone wp-image-410\" src=\"http:\/\/www.leadele.be\/wp-content\/uploads\/2018\/02\/IMG_1058.jpg\" alt=\"\" width=\"258\" height=\"193\" srcset=\"http:\/\/www.leadele.be\/wp-content\/uploads\/2018\/02\/IMG_1058.jpg 4608w, http:\/\/www.leadele.be\/wp-content\/uploads\/2018\/02\/IMG_1058-300x225.jpg 300w, http:\/\/www.leadele.be\/wp-content\/uploads\/2018\/02\/IMG_1058-768x576.jpg 768w, http:\/\/www.leadele.be\/wp-content\/uploads\/2018\/02\/IMG_1058-1024x768.jpg 1024w\" sizes=\"(max-width: 258px) 100vw, 258px\" \/><\/a><\/p>\n<p><a href=\"http:\/\/www.leadele.be\/photos\/index.php\/Chatons-2018\/ObiWanLoki\" target=\"_blank\" rel=\"noopener\"><em>(<\/em><em>pour voir d&rsquo;autres photos, cliquer ici)<\/em><\/a><\/p>\n<p>&nbsp;<\/p>\n<p>&nbsp;<\/p>\n<p>Si vous souhaitez r\u00e9server un chaton ou vous mettre sur la liste d&rsquo;attente, merci de m&rsquo;envoyer un mail \u00e0 : <a href=\"mailto:info@leadele.be\">info@leadele.be<\/a><\/p>\n","protected":false},"excerpt":{"rendered":"<p>Les chatons sont n\u00e9s le 13 f\u00e9vrier 2018. Ils sont au nombre de 3 cette ann\u00e9e. Il y a un Black Silver Tabby Spotted, 1 Black Silver Tabby Blotched et 1 Black Smoke. N&rsquo;h\u00e9sitez pas \u00e0 faire un tour sur les conditions d&rsquo;achat. O tempora,\u00a0O mores\u00a0&#8211; Femelle (r\u00e9serv\u00e9e) British Shorthair Black Smoke \u00a0\u00a0 (pour voir &hellip; <a href=\"http:\/\/www.leadele.be\/?page_id=374\" class=\"more-link\">Continuer la lecture de <span class=\"screen-reader-text\">Chatons 2018<\/span> <span class=\"meta-nav\">&rarr;<\/span><\/a><\/p>\n","protected":false},"author":1,"featured_media":0,"parent":26,"menu_order":0,"comment_status":"closed","ping_status":"closed","template":"","meta":{"footnotes":""},"yoast_head":"<!-- This site is optimized with the Yoast SEO plugin v23.5 - https:\/\/yoast.com\/wordpress\/plugins\/seo\/ -->\n<title>Chatons 2018 - Chatterie de L\u00e9ad\u00e8le<\/title>\n<meta name=\"robots\" content=\"index, follow, max-snippet:-1, max-image-preview:large, max-video-preview:-1\" \/>\n<link rel=\"canonical\" href=\"http:\/\/www.leadele.be\/?page_id=374\" \/>\n<meta property=\"og:locale\" content=\"fr_FR\" \/>\n<meta property=\"og:type\" content=\"article\" \/>\n<meta property=\"og:title\" content=\"Chatons 2018 - Chatterie de L\u00e9ad\u00e8le\" \/>\n<meta property=\"og:description\" content=\"Les chatons sont n\u00e9s le 13 f\u00e9vrier 2018. Ils sont au nombre de 3 cette ann\u00e9e. Il y a un Black Silver Tabby Spotted, 1 Black Silver Tabby Blotched et 1 Black Smoke. N&rsquo;h\u00e9sitez pas \u00e0 faire un tour sur les conditions d&rsquo;achat. O tempora,\u00a0O mores\u00a0&#8211; Femelle (r\u00e9serv\u00e9e) British Shorthair Black Smoke \u00a0\u00a0 (pour voir &hellip; Continuer la lecture de Chatons 2018 &rarr;\" \/>\n<meta property=\"og:url\" content=\"http:\/\/www.leadele.be\/?page_id=374\" \/>\n<meta property=\"og:site_name\" content=\"Chatterie de L\u00e9ad\u00e8le\" \/>\n<meta property=\"article:publisher\" content=\"https:\/\/www.facebook.com\/chatterieleadele\" \/>\n<meta property=\"article:modified_time\" content=\"2018-04-03T06:46:33+00:00\" \/>\n<meta property=\"og:image\" content=\"http:\/\/www.leadele.be\/wp-content\/uploads\/2018\/02\/IMG_7335.jpg\" \/>\n<meta name=\"twitter:card\" content=\"summary_large_image\" \/>\n<meta name=\"twitter:label1\" content=\"Dur\u00e9e de lecture estim\u00e9e\" \/>\n\t<meta name=\"twitter:data1\" content=\"1 minute\" \/>\n<script type=\"application\/ld+json\" class=\"yoast-schema-graph\">{\"@context\":\"https:\/\/schema.org\",\"@graph\":[{\"@type\":\"WebPage\",\"@id\":\"http:\/\/www.leadele.be\/?page_id=374\",\"url\":\"http:\/\/www.leadele.be\/?page_id=374\",\"name\":\"Chatons 2018 - Chatterie de L\u00e9ad\u00e8le\",\"isPartOf\":{\"@id\":\"https:\/\/www.leadele.be\/#website\"},\"primaryImageOfPage\":{\"@id\":\"http:\/\/www.leadele.be\/?page_id=374#primaryimage\"},\"image\":{\"@id\":\"http:\/\/www.leadele.be\/?page_id=374#primaryimage\"},\"thumbnailUrl\":\"http:\/\/www.leadele.be\/wp-content\/uploads\/2018\/02\/IMG_7335.jpg\",\"datePublished\":\"2017-12-19T06:21:54+00:00\",\"dateModified\":\"2018-04-03T06:46:33+00:00\",\"breadcrumb\":{\"@id\":\"http:\/\/www.leadele.be\/?page_id=374#breadcrumb\"},\"inLanguage\":\"fr-FR\",\"potentialAction\":[{\"@type\":\"ReadAction\",\"target\":[\"http:\/\/www.leadele.be\/?page_id=374\"]}]},{\"@type\":\"ImageObject\",\"inLanguage\":\"fr-FR\",\"@id\":\"http:\/\/www.leadele.be\/?page_id=374#primaryimage\",\"url\":\"http:\/\/www.leadele.be\/wp-content\/uploads\/2018\/02\/IMG_7335.jpg\",\"contentUrl\":\"http:\/\/www.leadele.be\/wp-content\/uploads\/2018\/02\/IMG_7335.jpg\",\"width\":4032,\"height\":3024},{\"@type\":\"BreadcrumbList\",\"@id\":\"http:\/\/www.leadele.be\/?page_id=374#breadcrumb\",\"itemListElement\":[{\"@type\":\"ListItem\",\"position\":1,\"name\":\"Accueil\",\"item\":\"https:\/\/www.leadele.be\/\"},{\"@type\":\"ListItem\",\"position\":2,\"name\":\"Chatons\",\"item\":\"http:\/\/www.leadele.be\/?page_id=26\"},{\"@type\":\"ListItem\",\"position\":3,\"name\":\"Chatons 2018\"}]},{\"@type\":\"WebSite\",\"@id\":\"https:\/\/www.leadele.be\/#website\",\"url\":\"https:\/\/www.leadele.be\/\",\"name\":\"Chatterie de L\u00e9ad\u00e8le\",\"description\":\"Chatterie British Shorthair Black Silver Tabby\",\"potentialAction\":[{\"@type\":\"SearchAction\",\"target\":{\"@type\":\"EntryPoint\",\"urlTemplate\":\"https:\/\/www.leadele.be\/?s={search_term_string}\"},\"query-input\":{\"@type\":\"PropertyValueSpecification\",\"valueRequired\":true,\"valueName\":\"search_term_string\"}}],\"inLanguage\":\"fr-FR\"}]}<\/script>\n<!-- \/ Yoast SEO plugin. -->","yoast_head_json":{"title":"Chatons 2018 - Chatterie de L\u00e9ad\u00e8le","robots":{"index":"index","follow":"follow","max-snippet":"max-snippet:-1","max-image-preview":"max-image-preview:large","max-video-preview":"max-video-preview:-1"},"canonical":"http:\/\/www.leadele.be\/?page_id=374","og_locale":"fr_FR","og_type":"article","og_title":"Chatons 2018 - Chatterie de L\u00e9ad\u00e8le","og_description":"Les chatons sont n\u00e9s le 13 f\u00e9vrier 2018. Ils sont au nombre de 3 cette ann\u00e9e. Il y a un Black Silver Tabby Spotted, 1 Black Silver Tabby Blotched et 1 Black Smoke. N&rsquo;h\u00e9sitez pas \u00e0 faire un tour sur les conditions d&rsquo;achat. O tempora,\u00a0O mores\u00a0&#8211; Femelle (r\u00e9serv\u00e9e) British Shorthair Black Smoke \u00a0\u00a0 (pour voir &hellip; Continuer la lecture de Chatons 2018 &rarr;","og_url":"http:\/\/www.leadele.be\/?page_id=374","og_site_name":"Chatterie de L\u00e9ad\u00e8le","article_publisher":"https:\/\/www.facebook.com\/chatterieleadele","article_modified_time":"2018-04-03T06:46:33+00:00","og_image":[{"url":"http:\/\/www.leadele.be\/wp-content\/uploads\/2018\/02\/IMG_7335.jpg"}],"twitter_card":"summary_large_image","twitter_misc":{"Dur\u00e9e de lecture estim\u00e9e":"1 minute"},"schema":{"@context":"https:\/\/schema.org","@graph":[{"@type":"WebPage","@id":"http:\/\/www.leadele.be\/?page_id=374","url":"http:\/\/www.leadele.be\/?page_id=374","name":"Chatons 2018 - Chatterie de L\u00e9ad\u00e8le","isPartOf":{"@id":"https:\/\/www.leadele.be\/#website"},"primaryImageOfPage":{"@id":"http:\/\/www.leadele.be\/?page_id=374#primaryimage"},"image":{"@id":"http:\/\/www.leadele.be\/?page_id=374#primaryimage"},"thumbnailUrl":"http:\/\/www.leadele.be\/wp-content\/uploads\/2018\/02\/IMG_7335.jpg","datePublished":"2017-12-19T06:21:54+00:00","dateModified":"2018-04-03T06:46:33+00:00","breadcrumb":{"@id":"http:\/\/www.leadele.be\/?page_id=374#breadcrumb"},"inLanguage":"fr-FR","potentialAction":[{"@type":"ReadAction","target":["http:\/\/www.leadele.be\/?page_id=374"]}]},{"@type":"ImageObject","inLanguage":"fr-FR","@id":"http:\/\/www.leadele.be\/?page_id=374#primaryimage","url":"http:\/\/www.leadele.be\/wp-content\/uploads\/2018\/02\/IMG_7335.jpg","contentUrl":"http:\/\/www.leadele.be\/wp-content\/uploads\/2018\/02\/IMG_7335.jpg","width":4032,"height":3024},{"@type":"BreadcrumbList","@id":"http:\/\/www.leadele.be\/?page_id=374#breadcrumb","itemListElement":[{"@type":"ListItem","position":1,"name":"Accueil","item":"https:\/\/www.leadele.be\/"},{"@type":"ListItem","position":2,"name":"Chatons","item":"http:\/\/www.leadele.be\/?page_id=26"},{"@type":"ListItem","position":3,"name":"Chatons 2018"}]},{"@type":"WebSite","@id":"https:\/\/www.leadele.be\/#website","url":"https:\/\/www.leadele.be\/","name":"Chatterie de L\u00e9ad\u00e8le","description":"Chatterie British Shorthair Black Silver Tabby","potentialAction":[{"@type":"SearchAction","target":{"@type":"EntryPoint","urlTemplate":"https:\/\/www.leadele.be\/?s={search_term_string}"},"query-input":{"@type":"PropertyValueSpecification","valueRequired":true,"valueName":"search_term_string"}}],"inLanguage":"fr-FR"}]}},"_links":{"self":[{"href":"http:\/\/www.leadele.be\/index.php?rest_route=\/wp\/v2\/pages\/374"}],"collection":[{"href":"http:\/\/www.leadele.be\/index.php?rest_route=\/wp\/v2\/pages"}],"about":[{"href":"http:\/\/www.leadele.be\/index.php?rest_route=\/wp\/v2\/types\/page"}],"author":[{"embeddable":true,"href":"http:\/\/www.leadele.be\/index.php?rest_route=\/wp\/v2\/users\/1"}],"replies":[{"embeddable":true,"href":"http:\/\/www.leadele.be\/index.php?rest_route=%2Fwp%2Fv2%2Fcomments&post=374"}],"version-history":[{"count":13,"href":"http:\/\/www.leadele.be\/index.php?rest_route=\/wp\/v2\/pages\/374\/revisions"}],"predecessor-version":[{"id":415,"href":"http:\/\/www.leadele.be\/index.php?rest_route=\/wp\/v2\/pages\/374\/revisions\/415"}],"up":[{"embeddable":true,"href":"http:\/\/www.leadele.be\/index.php?rest_route=\/wp\/v2\/pages\/26"}],"wp:attachment":[{"href":"http:\/\/www.leadele.be\/index.php?rest_route=%2Fwp%2Fv2%2Fmedia&parent=374"}],"curies":[{"name":"wp","href":"https:\/\/api.w.org\/{rel}","templated":true}]}}