{"id":35,"date":"2014-02-10T22:46:13","date_gmt":"2014-02-10T21:46:13","guid":{"rendered":"http:\/\/www.leadele.be\/?page_id=35"},"modified":"2014-07-22T15:04:45","modified_gmt":"2014-07-22T14:04:45","slug":"contact","status":"publish","type":"page","link":"http:\/\/www.leadele.be\/?page_id=35","title":{"rendered":"Contact"},"content":{"rendered":"<p>N&rsquo;h\u00e9sitez pas \u00e0 me contacter par mail sur <a href=\"mailto:info@leadele.be\">info@leadele.be<\/a> si vous d\u00e9sirez r\u00e9server un chaton et\/ou si vous avez des questions \u00e0 me poser.<\/p>\n<p>Nous sommes \u00e9galement pr\u00e9sent sur\u00a0\u00a0 <a title=\"Chatterie L\u00e9ad\u00e8le\" href=\"http:\/\/www.facebook.com\/chatterieleadele\" target=\"_blank\"><img decoding=\"async\" src=\"facebook.jpg\" alt=\"\" border=\"0\" \/><\/a><\/p>\n","protected":false},"excerpt":{"rendered":"<p>N&rsquo;h\u00e9sitez pas \u00e0 me contacter par mail sur info@leadele.be si vous d\u00e9sirez r\u00e9server un chaton et\/ou si vous avez des questions \u00e0 me poser. Nous sommes \u00e9galement pr\u00e9sent sur\u00a0\u00a0<\/p>\n","protected":false},"author":1,"featured_media":0,"parent":0,"menu_order":0,"comment_status":"closed","ping_status":"open","template":"","meta":{"footnotes":""},"yoast_head":"<!-- This site is optimized with the Yoast SEO plugin v23.5 - https:\/\/yoast.com\/wordpress\/plugins\/seo\/ -->\n<title>Contact - Chatterie de L\u00e9ad\u00e8le<\/title>\n<meta name=\"robots\" content=\"index, follow, max-snippet:-1, max-image-preview:large, max-video-preview:-1\" \/>\n<link rel=\"canonical\" href=\"http:\/\/www.leadele.be\/?page_id=35\" \/>\n<meta property=\"og:locale\" content=\"fr_FR\" \/>\n<meta property=\"og:type\" content=\"article\" \/>\n<meta property=\"og:title\" content=\"Contact - Chatterie de L\u00e9ad\u00e8le\" \/>\n<meta property=\"og:description\" content=\"N&rsquo;h\u00e9sitez pas \u00e0 me contacter par mail sur info@leadele.be si vous d\u00e9sirez r\u00e9server un chaton et\/ou si vous avez des questions \u00e0 me poser. Nous sommes \u00e9galement pr\u00e9sent sur\u00a0\u00a0\" \/>\n<meta property=\"og:url\" content=\"http:\/\/www.leadele.be\/?page_id=35\" \/>\n<meta property=\"og:site_name\" content=\"Chatterie de L\u00e9ad\u00e8le\" \/>\n<meta property=\"article:publisher\" content=\"https:\/\/www.facebook.com\/chatterieleadele\" \/>\n<meta property=\"article:modified_time\" content=\"2014-07-22T14:04:45+00:00\" \/>\n<meta name=\"twitter:card\" content=\"summary_large_image\" \/>\n<script type=\"application\/ld+json\" class=\"yoast-schema-graph\">{\"@context\":\"https:\/\/schema.org\",\"@graph\":[{\"@type\":\"WebPage\",\"@id\":\"http:\/\/www.leadele.be\/?page_id=35\",\"url\":\"http:\/\/www.leadele.be\/?page_id=35\",\"name\":\"Contact - Chatterie de L\u00e9ad\u00e8le\",\"isPartOf\":{\"@id\":\"https:\/\/www.leadele.be\/#website\"},\"datePublished\":\"2014-02-10T21:46:13+00:00\",\"dateModified\":\"2014-07-22T14:04:45+00:00\",\"breadcrumb\":{\"@id\":\"http:\/\/www.leadele.be\/?page_id=35#breadcrumb\"},\"inLanguage\":\"fr-FR\",\"potentialAction\":[{\"@type\":\"ReadAction\",\"target\":[\"http:\/\/www.leadele.be\/?page_id=35\"]}]},{\"@type\":\"BreadcrumbList\",\"@id\":\"http:\/\/www.leadele.be\/?page_id=35#breadcrumb\",\"itemListElement\":[{\"@type\":\"ListItem\",\"position\":1,\"name\":\"Accueil\",\"item\":\"https:\/\/www.leadele.be\/\"},{\"@type\":\"ListItem\",\"position\":2,\"name\":\"Contact\"}]},{\"@type\":\"WebSite\",\"@id\":\"https:\/\/www.leadele.be\/#website\",\"url\":\"https:\/\/www.leadele.be\/\",\"name\":\"Chatterie de L\u00e9ad\u00e8le\",\"description\":\"Chatterie British Shorthair Black Silver Tabby\",\"potentialAction\":[{\"@type\":\"SearchAction\",\"target\":{\"@type\":\"EntryPoint\",\"urlTemplate\":\"https:\/\/www.leadele.be\/?s={search_term_string}\"},\"query-input\":{\"@type\":\"PropertyValueSpecification\",\"valueRequired\":true,\"valueName\":\"search_term_string\"}}],\"inLanguage\":\"fr-FR\"}]}<\/script>\n<!-- \/ Yoast SEO plugin. -->","yoast_head_json":{"title":"Contact - Chatterie de L\u00e9ad\u00e8le","robots":{"index":"index","follow":"follow","max-snippet":"max-snippet:-1","max-image-preview":"max-image-preview:large","max-video-preview":"max-video-preview:-1"},"canonical":"http:\/\/www.leadele.be\/?page_id=35","og_locale":"fr_FR","og_type":"article","og_title":"Contact - Chatterie de L\u00e9ad\u00e8le","og_description":"N&rsquo;h\u00e9sitez pas \u00e0 me contacter par mail sur info@leadele.be si vous d\u00e9sirez r\u00e9server un chaton et\/ou si vous avez des questions \u00e0 me poser. Nous sommes \u00e9galement pr\u00e9sent sur\u00a0\u00a0","og_url":"http:\/\/www.leadele.be\/?page_id=35","og_site_name":"Chatterie de L\u00e9ad\u00e8le","article_publisher":"https:\/\/www.facebook.com\/chatterieleadele","article_modified_time":"2014-07-22T14:04:45+00:00","twitter_card":"summary_large_image","schema":{"@context":"https:\/\/schema.org","@graph":[{"@type":"WebPage","@id":"http:\/\/www.leadele.be\/?page_id=35","url":"http:\/\/www.leadele.be\/?page_id=35","name":"Contact - Chatterie de L\u00e9ad\u00e8le","isPartOf":{"@id":"https:\/\/www.leadele.be\/#website"},"datePublished":"2014-02-10T21:46:13+00:00","dateModified":"2014-07-22T14:04:45+00:00","breadcrumb":{"@id":"http:\/\/www.leadele.be\/?page_id=35#breadcrumb"},"inLanguage":"fr-FR","potentialAction":[{"@type":"ReadAction","target":["http:\/\/www.leadele.be\/?page_id=35"]}]},{"@type":"BreadcrumbList","@id":"http:\/\/www.leadele.be\/?page_id=35#breadcrumb","itemListElement":[{"@type":"ListItem","position":1,"name":"Accueil","item":"https:\/\/www.leadele.be\/"},{"@type":"ListItem","position":2,"name":"Contact"}]},{"@type":"WebSite","@id":"https:\/\/www.leadele.be\/#website","url":"https:\/\/www.leadele.be\/","name":"Chatterie de L\u00e9ad\u00e8le","description":"Chatterie British Shorthair Black Silver Tabby","potentialAction":[{"@type":"SearchAction","target":{"@type":"EntryPoint","urlTemplate":"https:\/\/www.leadele.be\/?s={search_term_string}"},"query-input":{"@type":"PropertyValueSpecification","valueRequired":true,"valueName":"search_term_string"}}],"inLanguage":"fr-FR"}]}},"_links":{"self":[{"href":"http:\/\/www.leadele.be\/index.php?rest_route=\/wp\/v2\/pages\/35"}],"collection":[{"href":"http:\/\/www.leadele.be\/index.php?rest_route=\/wp\/v2\/pages"}],"about":[{"href":"http:\/\/www.leadele.be\/index.php?rest_route=\/wp\/v2\/types\/page"}],"author":[{"embeddable":true,"href":"http:\/\/www.leadele.be\/index.php?rest_route=\/wp\/v2\/users\/1"}],"replies":[{"embeddable":true,"href":"http:\/\/www.leadele.be\/index.php?rest_route=%2Fwp%2Fv2%2Fcomments&post=35"}],"version-history":[{"count":9,"href":"http:\/\/www.leadele.be\/index.php?rest_route=\/wp\/v2\/pages\/35\/revisions"}],"predecessor-version":[{"id":124,"href":"http:\/\/www.leadele.be\/index.php?rest_route=\/wp\/v2\/pages\/35\/revisions\/124"}],"wp:attachment":[{"href":"http:\/\/www.leadele.be\/index.php?rest_route=%2Fwp%2Fv2%2Fmedia&parent=35"}],"curies":[{"name":"wp","href":"https:\/\/api.w.org\/{rel}","templated":true}]}}