{"id":305,"date":"2017-01-12T08:24:12","date_gmt":"2017-01-12T07:24:12","guid":{"rendered":"http:\/\/www.leadele.be\/?page_id=305"},"modified":"2019-03-19T07:52:19","modified_gmt":"2019-03-19T06:52:19","slug":"chatons-2017","status":"publish","type":"page","link":"http:\/\/www.leadele.be\/?page_id=305","title":{"rendered":"Chatons 2017"},"content":{"rendered":"<p>Les chatons sont n\u00e9s le 19 mars 2017.<\/p>\n<p><a href=\"http:\/\/www.leadele.be\/wp-content\/uploads\/2017\/01\/2017.jpg\"><img loading=\"lazy\" decoding=\"async\" class=\"alignnone size-medium wp-image-319\" src=\"http:\/\/www.leadele.be\/wp-content\/uploads\/2017\/01\/2017-300x225.jpg\" alt=\"\" width=\"300\" height=\"225\" srcset=\"http:\/\/www.leadele.be\/wp-content\/uploads\/2017\/01\/2017-300x225.jpg 300w, http:\/\/www.leadele.be\/wp-content\/uploads\/2017\/01\/2017-768x576.jpg 768w, http:\/\/www.leadele.be\/wp-content\/uploads\/2017\/01\/2017.jpg 960w\" sizes=\"(max-width: 300px) 100vw, 300px\" \/><\/a><\/p>\n<p>Ils sont au nombre de 4. Il y a\u00a02 Blotched et\u00a02 Spotted. Les b\u00e9b\u00e9s et la maman se portent bien.<\/p>\n<p>N&rsquo;h\u00e9sitez pas \u00e0 faire un tour sur <a title=\"Conditions d\u2019achat\" href=\"http:\/\/www.leadele.be\/?page_id=28\"><u><span style=\"color: #0066cc;\">les conditions d&rsquo;achat<\/span><\/u><\/a>.<\/p>\n<p><strong><span style=\"text-decoration: underline;\">No\u00e9 &#8211;\u00a0M\u00e2le (r\u00e9serv\u00e9)<\/span><\/strong><\/p>\n<p>British Shorthair Black Silver Tabby Spotted<\/p>\n<p><a href=\"http:\/\/www.leadele.be\/photos\/index.php\/Chatons-2017\/N1\" target=\"_blank\" rel=\"noopener noreferrer\"><em><u><span style=\"color: #0066cc;\">(<\/span><\/u><\/em><u><\/u><em><u><span style=\"color: #0066cc;\">pour voir d&rsquo;autres photos, cliquer ici)<\/span><\/u><\/em><\/a><\/p>\n<p><a href=\"http:\/\/www.leadele.be\/wp-content\/uploads\/2017\/01\/IMG_0912.jpg\"><img loading=\"lazy\" decoding=\"async\" class=\"alignnone size-medium wp-image-325\" src=\"http:\/\/www.leadele.be\/wp-content\/uploads\/2017\/01\/IMG_0912-300x225.jpg\" alt=\"\" width=\"300\" height=\"225\" srcset=\"http:\/\/www.leadele.be\/wp-content\/uploads\/2017\/01\/IMG_0912-300x225.jpg 300w, http:\/\/www.leadele.be\/wp-content\/uploads\/2017\/01\/IMG_0912-768x576.jpg 768w, http:\/\/www.leadele.be\/wp-content\/uploads\/2017\/01\/IMG_0912-1024x768.jpg 1024w\" sizes=\"(max-width: 300px) 100vw, 300px\" \/><\/a>\u00a0<a href=\"http:\/\/www.leadele.be\/wp-content\/uploads\/2017\/01\/IMG_0948.jpg\"><img loading=\"lazy\" decoding=\"async\" class=\"alignnone size-medium wp-image-326\" src=\"http:\/\/www.leadele.be\/wp-content\/uploads\/2017\/01\/IMG_0948-300x225.jpg\" alt=\"\" width=\"300\" height=\"225\" srcset=\"http:\/\/www.leadele.be\/wp-content\/uploads\/2017\/01\/IMG_0948-300x225.jpg 300w, http:\/\/www.leadele.be\/wp-content\/uploads\/2017\/01\/IMG_0948-768x576.jpg 768w, http:\/\/www.leadele.be\/wp-content\/uploads\/2017\/01\/IMG_0948-1024x768.jpg 1024w\" sizes=\"(max-width: 300px) 100vw, 300px\" \/><\/a><\/p>\n<p><strong><span style=\"text-decoration: underline;\">Nila\u00a0&#8211;\u00a0Femelle (reste \u00e0 la maison)<\/span><\/strong><\/p>\n<p>British Shorthair Black Silver Tabby Spotted<\/p>\n<p><a href=\"http:\/\/www.leadele.be\/photos\/index.php\/Chatons-2017\/N2\" target=\"_blank\" rel=\"noopener noreferrer\"><em><u><span style=\"color: #0066cc;\">(<\/span><\/u><\/em><u><\/u><em><u><span style=\"color: #0066cc;\">pour voir d&rsquo;autres photos, cliquer ici)<\/span><\/u><\/em><\/a><\/p>\n<p><a href=\"http:\/\/www.leadele.be\/wp-content\/uploads\/2017\/01\/IMG_0921.jpg\"><img loading=\"lazy\" decoding=\"async\" class=\"alignnone size-medium wp-image-327\" src=\"http:\/\/www.leadele.be\/wp-content\/uploads\/2017\/01\/IMG_0921-300x225.jpg\" alt=\"\" width=\"300\" height=\"225\" srcset=\"http:\/\/www.leadele.be\/wp-content\/uploads\/2017\/01\/IMG_0921-300x225.jpg 300w, http:\/\/www.leadele.be\/wp-content\/uploads\/2017\/01\/IMG_0921-768x576.jpg 768w, http:\/\/www.leadele.be\/wp-content\/uploads\/2017\/01\/IMG_0921-1024x768.jpg 1024w\" sizes=\"(max-width: 300px) 100vw, 300px\" \/><\/a>\u00a0<a href=\"http:\/\/www.leadele.be\/wp-content\/uploads\/2017\/01\/IMG_0971.jpg\"><img loading=\"lazy\" decoding=\"async\" class=\"alignnone size-medium wp-image-328\" src=\"http:\/\/www.leadele.be\/wp-content\/uploads\/2017\/01\/IMG_0971-300x225.jpg\" alt=\"\" width=\"300\" height=\"225\" srcset=\"http:\/\/www.leadele.be\/wp-content\/uploads\/2017\/01\/IMG_0971-300x225.jpg 300w, http:\/\/www.leadele.be\/wp-content\/uploads\/2017\/01\/IMG_0971-768x576.jpg 768w, http:\/\/www.leadele.be\/wp-content\/uploads\/2017\/01\/IMG_0971-1024x768.jpg 1024w\" sizes=\"(max-width: 300px) 100vw, 300px\" \/><\/a><\/p>\n<p><strong><span style=\"text-decoration: underline;\">Nikita\u00a0&#8211;\u00a0Femelle (d\u00e9c\u00e9d\u00e9e le 23\/05\/2017) Repose en paix Nikita, au Paradis des Chats<\/span><\/strong><\/p>\n<p>British Shorthair Black Silver Tabby Blotched<\/p>\n<p><a href=\"http:\/\/www.leadele.be\/photos\/index.php\/Chatons-2017\/N3\" target=\"_blank\" rel=\"noopener noreferrer\"><em><u><span style=\"color: #0066cc;\">(<\/span><\/u><\/em><u><\/u><em><u><span style=\"color: #0066cc;\">pour voir d&rsquo;autres photos, cliquer ici)<\/span><\/u><\/em><\/a><\/p>\n<p><u><span style=\"color: #0066cc;\"><a href=\"http:\/\/www.leadele.be\/wp-content\/uploads\/2017\/01\/IMG_0915.jpg\"><img loading=\"lazy\" decoding=\"async\" class=\"alignnone size-medium wp-image-329\" src=\"http:\/\/www.leadele.be\/wp-content\/uploads\/2017\/01\/IMG_0915-300x225.jpg\" alt=\"\" width=\"300\" height=\"225\" srcset=\"http:\/\/www.leadele.be\/wp-content\/uploads\/2017\/01\/IMG_0915-300x225.jpg 300w, http:\/\/www.leadele.be\/wp-content\/uploads\/2017\/01\/IMG_0915-768x576.jpg 768w, http:\/\/www.leadele.be\/wp-content\/uploads\/2017\/01\/IMG_0915-1024x768.jpg 1024w\" sizes=\"(max-width: 300px) 100vw, 300px\" \/><\/a>\u00a0<a href=\"http:\/\/www.leadele.be\/wp-content\/uploads\/2017\/01\/IMG_0961.jpg\"><img loading=\"lazy\" decoding=\"async\" class=\"alignnone size-medium wp-image-330\" src=\"http:\/\/www.leadele.be\/wp-content\/uploads\/2017\/01\/IMG_0961-300x225.jpg\" alt=\"\" width=\"300\" height=\"225\" srcset=\"http:\/\/www.leadele.be\/wp-content\/uploads\/2017\/01\/IMG_0961-300x225.jpg 300w, http:\/\/www.leadele.be\/wp-content\/uploads\/2017\/01\/IMG_0961-768x576.jpg 768w, http:\/\/www.leadele.be\/wp-content\/uploads\/2017\/01\/IMG_0961-1024x768.jpg 1024w\" sizes=\"(max-width: 300px) 100vw, 300px\" \/><\/a><\/span><\/u><\/p>\n<p><strong><span style=\"text-decoration: underline;\">Niouchka\u00a0&#8211;\u00a0Femelle (r\u00e9serv\u00e9e)<\/span><\/strong><\/p>\n<p>British Shorthair Black Silver Tabby Blotched<\/p>\n<p><a href=\"http:\/\/www.leadele.be\/photos\/index.php\/Chatons-2017\/N4\" target=\"_blank\" rel=\"noopener noreferrer\"><em><u><span style=\"color: #0066cc;\">(<\/span><\/u><\/em><u><\/u><em><u><span style=\"color: #0066cc;\">pour voir d&rsquo;autres photos, cliquer ici)<\/span><\/u><\/em><\/a><\/p>\n<p><a href=\"http:\/\/www.leadele.be\/wp-content\/uploads\/2017\/01\/IMG_0932.jpg\"><img loading=\"lazy\" decoding=\"async\" class=\"alignnone size-medium wp-image-331\" src=\"http:\/\/www.leadele.be\/wp-content\/uploads\/2017\/01\/IMG_0932-300x225.jpg\" alt=\"\" width=\"300\" height=\"225\" srcset=\"http:\/\/www.leadele.be\/wp-content\/uploads\/2017\/01\/IMG_0932-300x225.jpg 300w, http:\/\/www.leadele.be\/wp-content\/uploads\/2017\/01\/IMG_0932-768x576.jpg 768w, http:\/\/www.leadele.be\/wp-content\/uploads\/2017\/01\/IMG_0932-1024x768.jpg 1024w\" sizes=\"(max-width: 300px) 100vw, 300px\" \/><\/a>\u00a0<a href=\"http:\/\/www.leadele.be\/wp-content\/uploads\/2017\/01\/IMG_1005.jpg\"><img loading=\"lazy\" decoding=\"async\" class=\"alignnone size-medium wp-image-332\" src=\"http:\/\/www.leadele.be\/wp-content\/uploads\/2017\/01\/IMG_1005-300x225.jpg\" alt=\"\" width=\"300\" height=\"225\" srcset=\"http:\/\/www.leadele.be\/wp-content\/uploads\/2017\/01\/IMG_1005-300x225.jpg 300w, http:\/\/www.leadele.be\/wp-content\/uploads\/2017\/01\/IMG_1005-768x576.jpg 768w, http:\/\/www.leadele.be\/wp-content\/uploads\/2017\/01\/IMG_1005-1024x768.jpg 1024w\" sizes=\"(max-width: 300px) 100vw, 300px\" \/><\/a><\/p>\n<p>Si vous souhaitez r\u00e9server un chaton ou vous mettre sur la liste d&rsquo;attente, merci de m&rsquo;envoyer un mail \u00e0 : <a href=\"mailto:info@leadele.be\"><u><span style=\"color: #0066cc;\">info@leadele.be<\/span><\/u><\/a><\/p>\n","protected":false},"excerpt":{"rendered":"<p>Les chatons sont n\u00e9s le 19 mars 2017. Ils sont au nombre de 4. Il y a\u00a02 Blotched et\u00a02 Spotted. Les b\u00e9b\u00e9s et la maman se portent bien. N&rsquo;h\u00e9sitez pas \u00e0 faire un tour sur les conditions d&rsquo;achat. No\u00e9 &#8211;\u00a0M\u00e2le (r\u00e9serv\u00e9) British Shorthair Black Silver Tabby Spotted (pour voir d&rsquo;autres photos, cliquer ici) \u00a0 Nila\u00a0&#8211;\u00a0Femelle &hellip; <a href=\"http:\/\/www.leadele.be\/?page_id=305\" class=\"more-link\">Continuer la lecture de <span class=\"screen-reader-text\">Chatons 2017<\/span> <span class=\"meta-nav\">&rarr;<\/span><\/a><\/p>\n","protected":false},"author":1,"featured_media":0,"parent":26,"menu_order":0,"comment_status":"closed","ping_status":"closed","template":"","meta":{"footnotes":""},"yoast_head":"<!-- This site is optimized with the Yoast SEO plugin v23.5 - https:\/\/yoast.com\/wordpress\/plugins\/seo\/ -->\n<title>Chatons 2017 - Chatterie de L\u00e9ad\u00e8le<\/title>\n<meta name=\"robots\" content=\"index, follow, max-snippet:-1, max-image-preview:large, max-video-preview:-1\" \/>\n<link rel=\"canonical\" href=\"http:\/\/www.leadele.be\/?page_id=305\" \/>\n<meta property=\"og:locale\" content=\"fr_FR\" \/>\n<meta property=\"og:type\" content=\"article\" \/>\n<meta property=\"og:title\" content=\"Chatons 2017 - Chatterie de L\u00e9ad\u00e8le\" \/>\n<meta property=\"og:description\" content=\"Les chatons sont n\u00e9s le 19 mars 2017. Ils sont au nombre de 4. Il y a\u00a02 Blotched et\u00a02 Spotted. Les b\u00e9b\u00e9s et la maman se portent bien. N&rsquo;h\u00e9sitez pas \u00e0 faire un tour sur les conditions d&rsquo;achat. No\u00e9 &#8211;\u00a0M\u00e2le (r\u00e9serv\u00e9) British Shorthair Black Silver Tabby Spotted (pour voir d&rsquo;autres photos, cliquer ici) \u00a0 Nila\u00a0&#8211;\u00a0Femelle &hellip; Continuer la lecture de Chatons 2017 &rarr;\" \/>\n<meta property=\"og:url\" content=\"http:\/\/www.leadele.be\/?page_id=305\" \/>\n<meta property=\"og:site_name\" content=\"Chatterie de L\u00e9ad\u00e8le\" \/>\n<meta property=\"article:publisher\" content=\"https:\/\/www.facebook.com\/chatterieleadele\" \/>\n<meta property=\"article:modified_time\" content=\"2019-03-19T06:52:19+00:00\" \/>\n<meta property=\"og:image\" content=\"http:\/\/www.leadele.be\/wp-content\/uploads\/2017\/01\/2017-300x225.jpg\" \/>\n<meta name=\"twitter:card\" content=\"summary_large_image\" \/>\n<meta name=\"twitter:label1\" content=\"Dur\u00e9e de lecture estim\u00e9e\" \/>\n\t<meta name=\"twitter:data1\" content=\"1 minute\" \/>\n<script type=\"application\/ld+json\" class=\"yoast-schema-graph\">{\"@context\":\"https:\/\/schema.org\",\"@graph\":[{\"@type\":\"WebPage\",\"@id\":\"http:\/\/www.leadele.be\/?page_id=305\",\"url\":\"http:\/\/www.leadele.be\/?page_id=305\",\"name\":\"Chatons 2017 - Chatterie de L\u00e9ad\u00e8le\",\"isPartOf\":{\"@id\":\"https:\/\/www.leadele.be\/#website\"},\"primaryImageOfPage\":{\"@id\":\"http:\/\/www.leadele.be\/?page_id=305#primaryimage\"},\"image\":{\"@id\":\"http:\/\/www.leadele.be\/?page_id=305#primaryimage\"},\"thumbnailUrl\":\"http:\/\/www.leadele.be\/wp-content\/uploads\/2017\/01\/2017-300x225.jpg\",\"datePublished\":\"2017-01-12T07:24:12+00:00\",\"dateModified\":\"2019-03-19T06:52:19+00:00\",\"breadcrumb\":{\"@id\":\"http:\/\/www.leadele.be\/?page_id=305#breadcrumb\"},\"inLanguage\":\"fr-FR\",\"potentialAction\":[{\"@type\":\"ReadAction\",\"target\":[\"http:\/\/www.leadele.be\/?page_id=305\"]}]},{\"@type\":\"ImageObject\",\"inLanguage\":\"fr-FR\",\"@id\":\"http:\/\/www.leadele.be\/?page_id=305#primaryimage\",\"url\":\"http:\/\/www.leadele.be\/wp-content\/uploads\/2017\/01\/2017.jpg\",\"contentUrl\":\"http:\/\/www.leadele.be\/wp-content\/uploads\/2017\/01\/2017.jpg\",\"width\":960,\"height\":720},{\"@type\":\"BreadcrumbList\",\"@id\":\"http:\/\/www.leadele.be\/?page_id=305#breadcrumb\",\"itemListElement\":[{\"@type\":\"ListItem\",\"position\":1,\"name\":\"Accueil\",\"item\":\"https:\/\/www.leadele.be\/\"},{\"@type\":\"ListItem\",\"position\":2,\"name\":\"Chatons\",\"item\":\"http:\/\/www.leadele.be\/?page_id=26\"},{\"@type\":\"ListItem\",\"position\":3,\"name\":\"Chatons 2017\"}]},{\"@type\":\"WebSite\",\"@id\":\"https:\/\/www.leadele.be\/#website\",\"url\":\"https:\/\/www.leadele.be\/\",\"name\":\"Chatterie de L\u00e9ad\u00e8le\",\"description\":\"Chatterie British Shorthair Black Silver Tabby\",\"potentialAction\":[{\"@type\":\"SearchAction\",\"target\":{\"@type\":\"EntryPoint\",\"urlTemplate\":\"https:\/\/www.leadele.be\/?s={search_term_string}\"},\"query-input\":{\"@type\":\"PropertyValueSpecification\",\"valueRequired\":true,\"valueName\":\"search_term_string\"}}],\"inLanguage\":\"fr-FR\"}]}<\/script>\n<!-- \/ Yoast SEO plugin. -->","yoast_head_json":{"title":"Chatons 2017 - Chatterie de L\u00e9ad\u00e8le","robots":{"index":"index","follow":"follow","max-snippet":"max-snippet:-1","max-image-preview":"max-image-preview:large","max-video-preview":"max-video-preview:-1"},"canonical":"http:\/\/www.leadele.be\/?page_id=305","og_locale":"fr_FR","og_type":"article","og_title":"Chatons 2017 - Chatterie de L\u00e9ad\u00e8le","og_description":"Les chatons sont n\u00e9s le 19 mars 2017. Ils sont au nombre de 4. Il y a\u00a02 Blotched et\u00a02 Spotted. Les b\u00e9b\u00e9s et la maman se portent bien. N&rsquo;h\u00e9sitez pas \u00e0 faire un tour sur les conditions d&rsquo;achat. No\u00e9 &#8211;\u00a0M\u00e2le (r\u00e9serv\u00e9) British Shorthair Black Silver Tabby Spotted (pour voir d&rsquo;autres photos, cliquer ici) \u00a0 Nila\u00a0&#8211;\u00a0Femelle &hellip; Continuer la lecture de Chatons 2017 &rarr;","og_url":"http:\/\/www.leadele.be\/?page_id=305","og_site_name":"Chatterie de L\u00e9ad\u00e8le","article_publisher":"https:\/\/www.facebook.com\/chatterieleadele","article_modified_time":"2019-03-19T06:52:19+00:00","og_image":[{"url":"http:\/\/www.leadele.be\/wp-content\/uploads\/2017\/01\/2017-300x225.jpg"}],"twitter_card":"summary_large_image","twitter_misc":{"Dur\u00e9e de lecture estim\u00e9e":"1 minute"},"schema":{"@context":"https:\/\/schema.org","@graph":[{"@type":"WebPage","@id":"http:\/\/www.leadele.be\/?page_id=305","url":"http:\/\/www.leadele.be\/?page_id=305","name":"Chatons 2017 - Chatterie de L\u00e9ad\u00e8le","isPartOf":{"@id":"https:\/\/www.leadele.be\/#website"},"primaryImageOfPage":{"@id":"http:\/\/www.leadele.be\/?page_id=305#primaryimage"},"image":{"@id":"http:\/\/www.leadele.be\/?page_id=305#primaryimage"},"thumbnailUrl":"http:\/\/www.leadele.be\/wp-content\/uploads\/2017\/01\/2017-300x225.jpg","datePublished":"2017-01-12T07:24:12+00:00","dateModified":"2019-03-19T06:52:19+00:00","breadcrumb":{"@id":"http:\/\/www.leadele.be\/?page_id=305#breadcrumb"},"inLanguage":"fr-FR","potentialAction":[{"@type":"ReadAction","target":["http:\/\/www.leadele.be\/?page_id=305"]}]},{"@type":"ImageObject","inLanguage":"fr-FR","@id":"http:\/\/www.leadele.be\/?page_id=305#primaryimage","url":"http:\/\/www.leadele.be\/wp-content\/uploads\/2017\/01\/2017.jpg","contentUrl":"http:\/\/www.leadele.be\/wp-content\/uploads\/2017\/01\/2017.jpg","width":960,"height":720},{"@type":"BreadcrumbList","@id":"http:\/\/www.leadele.be\/?page_id=305#breadcrumb","itemListElement":[{"@type":"ListItem","position":1,"name":"Accueil","item":"https:\/\/www.leadele.be\/"},{"@type":"ListItem","position":2,"name":"Chatons","item":"http:\/\/www.leadele.be\/?page_id=26"},{"@type":"ListItem","position":3,"name":"Chatons 2017"}]},{"@type":"WebSite","@id":"https:\/\/www.leadele.be\/#website","url":"https:\/\/www.leadele.be\/","name":"Chatterie de L\u00e9ad\u00e8le","description":"Chatterie British Shorthair Black Silver Tabby","potentialAction":[{"@type":"SearchAction","target":{"@type":"EntryPoint","urlTemplate":"https:\/\/www.leadele.be\/?s={search_term_string}"},"query-input":{"@type":"PropertyValueSpecification","valueRequired":true,"valueName":"search_term_string"}}],"inLanguage":"fr-FR"}]}},"_links":{"self":[{"href":"http:\/\/www.leadele.be\/index.php?rest_route=\/wp\/v2\/pages\/305"}],"collection":[{"href":"http:\/\/www.leadele.be\/index.php?rest_route=\/wp\/v2\/pages"}],"about":[{"href":"http:\/\/www.leadele.be\/index.php?rest_route=\/wp\/v2\/types\/page"}],"author":[{"embeddable":true,"href":"http:\/\/www.leadele.be\/index.php?rest_route=\/wp\/v2\/users\/1"}],"replies":[{"embeddable":true,"href":"http:\/\/www.leadele.be\/index.php?rest_route=%2Fwp%2Fv2%2Fcomments&post=305"}],"version-history":[{"count":9,"href":"http:\/\/www.leadele.be\/index.php?rest_route=\/wp\/v2\/pages\/305\/revisions"}],"predecessor-version":[{"id":430,"href":"http:\/\/www.leadele.be\/index.php?rest_route=\/wp\/v2\/pages\/305\/revisions\/430"}],"up":[{"embeddable":true,"href":"http:\/\/www.leadele.be\/index.php?rest_route=\/wp\/v2\/pages\/26"}],"wp:attachment":[{"href":"http:\/\/www.leadele.be\/index.php?rest_route=%2Fwp%2Fv2%2Fmedia&parent=305"}],"curies":[{"name":"wp","href":"https:\/\/api.w.org\/{rel}","templated":true}]}}