{"id":135,"date":"2015-01-05T09:00:19","date_gmt":"2015-01-05T08:00:19","guid":{"rendered":"http:\/\/www.leadele.be\/?page_id=135"},"modified":"2015-07-30T14:58:23","modified_gmt":"2015-07-30T13:58:23","slug":"chatons-2015-2","status":"publish","type":"page","link":"http:\/\/www.leadele.be\/?page_id=135","title":{"rendered":"Chatons 2015"},"content":{"rendered":"<p>Les chatons sont n\u00e9s le 12 mars 2015.<\/p>\n<p><a href=\"http:\/\/www.leadele.be\/wp-content\/uploads\/2015\/03\/adele.jpg\"><img loading=\"lazy\" decoding=\"async\" class=\"alignnone size-medium wp-image-175\" src=\"http:\/\/www.leadele.be\/wp-content\/uploads\/2015\/03\/adele-300x225.jpg\" alt=\"adele\" width=\"300\" height=\"225\" srcset=\"http:\/\/www.leadele.be\/wp-content\/uploads\/2015\/03\/adele-300x225.jpg 300w, http:\/\/www.leadele.be\/wp-content\/uploads\/2015\/03\/adele.jpg 960w\" sizes=\"(max-width: 300px) 100vw, 300px\" \/><\/a><\/p>\n<p>Ils sont au nombre de 4. Il y a 3 Blotched et 1 Spotted Tabby\/Mackerel Tabby. Les b\u00e9b\u00e9s et la maman se portent bien.<\/p>\n<p><a href=\"http:\/\/www.leadele.be\/wp-content\/uploads\/2015\/01\/chatons.jpg\"><img loading=\"lazy\" decoding=\"async\" class=\"alignnone size-medium wp-image-163\" src=\"http:\/\/www.leadele.be\/wp-content\/uploads\/2015\/01\/chatons-300x225.jpg\" alt=\"chatons\" width=\"300\" height=\"225\" srcset=\"http:\/\/www.leadele.be\/wp-content\/uploads\/2015\/01\/chatons-300x225.jpg 300w, http:\/\/www.leadele.be\/wp-content\/uploads\/2015\/01\/chatons.jpg 960w\" sizes=\"(max-width: 300px) 100vw, 300px\" \/><\/a><\/p>\n<p>N&rsquo;h\u00e9sitez pas \u00e0 faire un tour sur <a title=\"Conditions d\u2019achat\" href=\"http:\/\/www.leadele.be\/?page_id=28\">les conditions d&rsquo;achat<\/a>.<\/p>\n<p>&nbsp;<\/p>\n<p><strong><span style=\"text-decoration: underline;\">Leo\u00a0&#8211;\u00a0M\u00e2le (vendu)<\/span><\/strong><\/p>\n<p>British Shorthair Spotted Tabby\/Mackerel Tabby<\/p>\n<p><a href=\"http:\/\/www.leadele.be\/photos\/index.php\/Chatons-2015\/L3\"><em>(pour voir d&rsquo;autres photos, cliquer ici)<\/em><\/a><\/p>\n<p><a href=\"http:\/\/www.leadele.be\/wp-content\/uploads\/2015\/01\/L3.jpg\"><img loading=\"lazy\" decoding=\"async\" class=\"alignnone size-medium wp-image-170\" src=\"http:\/\/www.leadele.be\/wp-content\/uploads\/2015\/01\/L3-300x225.jpg\" alt=\"L3\" width=\"300\" height=\"225\" srcset=\"http:\/\/www.leadele.be\/wp-content\/uploads\/2015\/01\/L3-300x225.jpg 300w, http:\/\/www.leadele.be\/wp-content\/uploads\/2015\/01\/L3-1024x768.jpg 1024w\" sizes=\"(max-width: 300px) 100vw, 300px\" \/><\/a><\/p>\n<p>&nbsp;<\/p>\n<p><strong><span style=\"text-decoration: underline;\">Leonov\u00a0&#8211;\u00a0M\u00e2le (vendu)<\/span><\/strong><\/p>\n<p>British Shorthair Black Silver Tabby Blotched<\/p>\n<p><a href=\"http:\/\/www.leadele.be\/photos\/index.php\/Chatons-2015\/L1\"><em>(pour voir d&rsquo;autres photos, cliquer ici)<\/em><\/a><\/p>\n<p><a href=\"http:\/\/www.leadele.be\/wp-content\/uploads\/2015\/01\/L1.jpg\"><img loading=\"lazy\" decoding=\"async\" class=\"alignnone size-medium wp-image-171\" src=\"http:\/\/www.leadele.be\/wp-content\/uploads\/2015\/01\/L1-300x225.jpg\" alt=\"L1\" width=\"300\" height=\"225\" srcset=\"http:\/\/www.leadele.be\/wp-content\/uploads\/2015\/01\/L1-300x225.jpg 300w, http:\/\/www.leadele.be\/wp-content\/uploads\/2015\/01\/L1-1024x768.jpg 1024w\" sizes=\"(max-width: 300px) 100vw, 300px\" \/><\/a><\/p>\n<p>&nbsp;<\/p>\n<p><strong><span style=\"text-decoration: underline;\">Lucky\u00a0&#8211;\u00a0M\u00e2le (vendu)<\/span><\/strong><\/p>\n<p><em>British Shorthair Black Silver Tabby Blotched<\/em><\/p>\n<p><a href=\"http:\/\/www.leadele.be\/photos\/index.php\/Chatons-2015\/L2\"><em>(pour voir d&rsquo;autres photos, cliquer ici)<\/em><\/a><\/p>\n<p><a href=\"http:\/\/www.leadele.be\/wp-content\/uploads\/2015\/01\/L2.jpg\"><img loading=\"lazy\" decoding=\"async\" class=\"alignnone size-medium wp-image-172\" src=\"http:\/\/www.leadele.be\/wp-content\/uploads\/2015\/01\/L2-300x225.jpg\" alt=\"L2\" width=\"300\" height=\"225\" srcset=\"http:\/\/www.leadele.be\/wp-content\/uploads\/2015\/01\/L2-300x225.jpg 300w, http:\/\/www.leadele.be\/wp-content\/uploads\/2015\/01\/L2-1024x768.jpg 1024w\" sizes=\"(max-width: 300px) 100vw, 300px\" \/><\/a><\/p>\n<p>&nbsp;<\/p>\n<p><span style=\"text-decoration: underline;\"><strong>Little\u00a0&#8211;\u00a0M\u00e2le\u00a0(vendu)<\/strong><\/span><\/p>\n<p><em>British Shorthair Black Silver Tabby Blotched<\/em><\/p>\n<p><a href=\"http:\/\/www.leadele.be\/photos\/index.php\/Chatons-2015\/L4\"><em>(pour voir d&rsquo;autres photos, cliquer ici)<\/em><\/a><\/p>\n<p><a href=\"http:\/\/www.leadele.be\/wp-content\/uploads\/2015\/01\/L4.jpg\"><img loading=\"lazy\" decoding=\"async\" class=\"alignnone size-medium wp-image-173\" src=\"http:\/\/www.leadele.be\/wp-content\/uploads\/2015\/01\/L4-300x225.jpg\" alt=\"L4\" width=\"300\" height=\"225\" srcset=\"http:\/\/www.leadele.be\/wp-content\/uploads\/2015\/01\/L4-300x225.jpg 300w, http:\/\/www.leadele.be\/wp-content\/uploads\/2015\/01\/L4-1024x768.jpg 1024w\" sizes=\"(max-width: 300px) 100vw, 300px\" \/><\/a><\/p>\n<p>&nbsp;<\/p>\n","protected":false},"excerpt":{"rendered":"<p>Les chatons sont n\u00e9s le 12 mars 2015. Ils sont au nombre de 4. Il y a 3 Blotched et 1 Spotted Tabby\/Mackerel Tabby. Les b\u00e9b\u00e9s et la maman se portent bien. N&rsquo;h\u00e9sitez pas \u00e0 faire un tour sur les conditions d&rsquo;achat. &nbsp; Leo\u00a0&#8211;\u00a0M\u00e2le (vendu) British Shorthair Spotted Tabby\/Mackerel Tabby (pour voir d&rsquo;autres photos, cliquer &hellip; <a href=\"http:\/\/www.leadele.be\/?page_id=135\" class=\"more-link\">Continuer la lecture de <span class=\"screen-reader-text\">Chatons 2015<\/span> <span class=\"meta-nav\">&rarr;<\/span><\/a><\/p>\n","protected":false},"author":1,"featured_media":0,"parent":26,"menu_order":2,"comment_status":"closed","ping_status":"open","template":"","meta":{"footnotes":""},"yoast_head":"<!-- This site is optimized with the Yoast SEO plugin v23.5 - https:\/\/yoast.com\/wordpress\/plugins\/seo\/ -->\n<title>Chatons 2015 - Chatterie de L\u00e9ad\u00e8le<\/title>\n<meta name=\"robots\" content=\"index, follow, max-snippet:-1, max-image-preview:large, max-video-preview:-1\" \/>\n<link rel=\"canonical\" href=\"http:\/\/www.leadele.be\/?page_id=135\" \/>\n<meta property=\"og:locale\" content=\"fr_FR\" \/>\n<meta property=\"og:type\" content=\"article\" \/>\n<meta property=\"og:title\" content=\"Chatons 2015 - Chatterie de L\u00e9ad\u00e8le\" \/>\n<meta property=\"og:description\" content=\"Les chatons sont n\u00e9s le 12 mars 2015. Ils sont au nombre de 4. Il y a 3 Blotched et 1 Spotted Tabby\/Mackerel Tabby. Les b\u00e9b\u00e9s et la maman se portent bien. N&rsquo;h\u00e9sitez pas \u00e0 faire un tour sur les conditions d&rsquo;achat. &nbsp; Leo\u00a0&#8211;\u00a0M\u00e2le (vendu) British Shorthair Spotted Tabby\/Mackerel Tabby (pour voir d&rsquo;autres photos, cliquer &hellip; Continuer la lecture de Chatons 2015 &rarr;\" \/>\n<meta property=\"og:url\" content=\"http:\/\/www.leadele.be\/?page_id=135\" \/>\n<meta property=\"og:site_name\" content=\"Chatterie de L\u00e9ad\u00e8le\" \/>\n<meta property=\"article:publisher\" content=\"https:\/\/www.facebook.com\/chatterieleadele\" \/>\n<meta property=\"article:modified_time\" content=\"2015-07-30T13:58:23+00:00\" \/>\n<meta property=\"og:image\" content=\"http:\/\/www.leadele.be\/wp-content\/uploads\/2015\/03\/adele-300x225.jpg\" \/>\n<meta name=\"twitter:card\" content=\"summary_large_image\" \/>\n<meta name=\"twitter:label1\" content=\"Dur\u00e9e de lecture estim\u00e9e\" \/>\n\t<meta name=\"twitter:data1\" content=\"1 minute\" \/>\n<script type=\"application\/ld+json\" class=\"yoast-schema-graph\">{\"@context\":\"https:\/\/schema.org\",\"@graph\":[{\"@type\":\"WebPage\",\"@id\":\"http:\/\/www.leadele.be\/?page_id=135\",\"url\":\"http:\/\/www.leadele.be\/?page_id=135\",\"name\":\"Chatons 2015 - Chatterie de L\u00e9ad\u00e8le\",\"isPartOf\":{\"@id\":\"https:\/\/www.leadele.be\/#website\"},\"primaryImageOfPage\":{\"@id\":\"http:\/\/www.leadele.be\/?page_id=135#primaryimage\"},\"image\":{\"@id\":\"http:\/\/www.leadele.be\/?page_id=135#primaryimage\"},\"thumbnailUrl\":\"http:\/\/www.leadele.be\/wp-content\/uploads\/2015\/03\/adele-300x225.jpg\",\"datePublished\":\"2015-01-05T08:00:19+00:00\",\"dateModified\":\"2015-07-30T13:58:23+00:00\",\"breadcrumb\":{\"@id\":\"http:\/\/www.leadele.be\/?page_id=135#breadcrumb\"},\"inLanguage\":\"fr-FR\",\"potentialAction\":[{\"@type\":\"ReadAction\",\"target\":[\"http:\/\/www.leadele.be\/?page_id=135\"]}]},{\"@type\":\"ImageObject\",\"inLanguage\":\"fr-FR\",\"@id\":\"http:\/\/www.leadele.be\/?page_id=135#primaryimage\",\"url\":\"http:\/\/www.leadele.be\/wp-content\/uploads\/2015\/03\/adele.jpg\",\"contentUrl\":\"http:\/\/www.leadele.be\/wp-content\/uploads\/2015\/03\/adele.jpg\",\"width\":960,\"height\":720},{\"@type\":\"BreadcrumbList\",\"@id\":\"http:\/\/www.leadele.be\/?page_id=135#breadcrumb\",\"itemListElement\":[{\"@type\":\"ListItem\",\"position\":1,\"name\":\"Accueil\",\"item\":\"https:\/\/www.leadele.be\/\"},{\"@type\":\"ListItem\",\"position\":2,\"name\":\"Chatons\",\"item\":\"http:\/\/www.leadele.be\/?page_id=26\"},{\"@type\":\"ListItem\",\"position\":3,\"name\":\"Chatons 2015\"}]},{\"@type\":\"WebSite\",\"@id\":\"https:\/\/www.leadele.be\/#website\",\"url\":\"https:\/\/www.leadele.be\/\",\"name\":\"Chatterie de L\u00e9ad\u00e8le\",\"description\":\"Chatterie British Shorthair Black Silver Tabby\",\"potentialAction\":[{\"@type\":\"SearchAction\",\"target\":{\"@type\":\"EntryPoint\",\"urlTemplate\":\"https:\/\/www.leadele.be\/?s={search_term_string}\"},\"query-input\":{\"@type\":\"PropertyValueSpecification\",\"valueRequired\":true,\"valueName\":\"search_term_string\"}}],\"inLanguage\":\"fr-FR\"}]}<\/script>\n<!-- \/ Yoast SEO plugin. -->","yoast_head_json":{"title":"Chatons 2015 - Chatterie de L\u00e9ad\u00e8le","robots":{"index":"index","follow":"follow","max-snippet":"max-snippet:-1","max-image-preview":"max-image-preview:large","max-video-preview":"max-video-preview:-1"},"canonical":"http:\/\/www.leadele.be\/?page_id=135","og_locale":"fr_FR","og_type":"article","og_title":"Chatons 2015 - Chatterie de L\u00e9ad\u00e8le","og_description":"Les chatons sont n\u00e9s le 12 mars 2015. Ils sont au nombre de 4. Il y a 3 Blotched et 1 Spotted Tabby\/Mackerel Tabby. Les b\u00e9b\u00e9s et la maman se portent bien. N&rsquo;h\u00e9sitez pas \u00e0 faire un tour sur les conditions d&rsquo;achat. &nbsp; Leo\u00a0&#8211;\u00a0M\u00e2le (vendu) British Shorthair Spotted Tabby\/Mackerel Tabby (pour voir d&rsquo;autres photos, cliquer &hellip; Continuer la lecture de Chatons 2015 &rarr;","og_url":"http:\/\/www.leadele.be\/?page_id=135","og_site_name":"Chatterie de L\u00e9ad\u00e8le","article_publisher":"https:\/\/www.facebook.com\/chatterieleadele","article_modified_time":"2015-07-30T13:58:23+00:00","og_image":[{"url":"http:\/\/www.leadele.be\/wp-content\/uploads\/2015\/03\/adele-300x225.jpg"}],"twitter_card":"summary_large_image","twitter_misc":{"Dur\u00e9e de lecture estim\u00e9e":"1 minute"},"schema":{"@context":"https:\/\/schema.org","@graph":[{"@type":"WebPage","@id":"http:\/\/www.leadele.be\/?page_id=135","url":"http:\/\/www.leadele.be\/?page_id=135","name":"Chatons 2015 - Chatterie de L\u00e9ad\u00e8le","isPartOf":{"@id":"https:\/\/www.leadele.be\/#website"},"primaryImageOfPage":{"@id":"http:\/\/www.leadele.be\/?page_id=135#primaryimage"},"image":{"@id":"http:\/\/www.leadele.be\/?page_id=135#primaryimage"},"thumbnailUrl":"http:\/\/www.leadele.be\/wp-content\/uploads\/2015\/03\/adele-300x225.jpg","datePublished":"2015-01-05T08:00:19+00:00","dateModified":"2015-07-30T13:58:23+00:00","breadcrumb":{"@id":"http:\/\/www.leadele.be\/?page_id=135#breadcrumb"},"inLanguage":"fr-FR","potentialAction":[{"@type":"ReadAction","target":["http:\/\/www.leadele.be\/?page_id=135"]}]},{"@type":"ImageObject","inLanguage":"fr-FR","@id":"http:\/\/www.leadele.be\/?page_id=135#primaryimage","url":"http:\/\/www.leadele.be\/wp-content\/uploads\/2015\/03\/adele.jpg","contentUrl":"http:\/\/www.leadele.be\/wp-content\/uploads\/2015\/03\/adele.jpg","width":960,"height":720},{"@type":"BreadcrumbList","@id":"http:\/\/www.leadele.be\/?page_id=135#breadcrumb","itemListElement":[{"@type":"ListItem","position":1,"name":"Accueil","item":"https:\/\/www.leadele.be\/"},{"@type":"ListItem","position":2,"name":"Chatons","item":"http:\/\/www.leadele.be\/?page_id=26"},{"@type":"ListItem","position":3,"name":"Chatons 2015"}]},{"@type":"WebSite","@id":"https:\/\/www.leadele.be\/#website","url":"https:\/\/www.leadele.be\/","name":"Chatterie de L\u00e9ad\u00e8le","description":"Chatterie British Shorthair Black Silver Tabby","potentialAction":[{"@type":"SearchAction","target":{"@type":"EntryPoint","urlTemplate":"https:\/\/www.leadele.be\/?s={search_term_string}"},"query-input":{"@type":"PropertyValueSpecification","valueRequired":true,"valueName":"search_term_string"}}],"inLanguage":"fr-FR"}]}},"_links":{"self":[{"href":"http:\/\/www.leadele.be\/index.php?rest_route=\/wp\/v2\/pages\/135"}],"collection":[{"href":"http:\/\/www.leadele.be\/index.php?rest_route=\/wp\/v2\/pages"}],"about":[{"href":"http:\/\/www.leadele.be\/index.php?rest_route=\/wp\/v2\/types\/page"}],"author":[{"embeddable":true,"href":"http:\/\/www.leadele.be\/index.php?rest_route=\/wp\/v2\/users\/1"}],"replies":[{"embeddable":true,"href":"http:\/\/www.leadele.be\/index.php?rest_route=%2Fwp%2Fv2%2Fcomments&post=135"}],"version-history":[{"count":15,"href":"http:\/\/www.leadele.be\/index.php?rest_route=\/wp\/v2\/pages\/135\/revisions"}],"predecessor-version":[{"id":198,"href":"http:\/\/www.leadele.be\/index.php?rest_route=\/wp\/v2\/pages\/135\/revisions\/198"}],"up":[{"embeddable":true,"href":"http:\/\/www.leadele.be\/index.php?rest_route=\/wp\/v2\/pages\/26"}],"wp:attachment":[{"href":"http:\/\/www.leadele.be\/index.php?rest_route=%2Fwp%2Fv2%2Fmedia&parent=135"}],"curies":[{"name":"wp","href":"https:\/\/api.w.org\/{rel}","templated":true}]}}