{"id":10,"date":"2014-02-10T22:17:32","date_gmt":"2014-02-10T21:17:32","guid":{"rendered":"http:\/\/www.leadele.be\/?page_id=10"},"modified":"2017-12-11T13:20:54","modified_gmt":"2017-12-11T12:20:54","slug":"femelles","status":"publish","type":"page","link":"http:\/\/www.leadele.be\/?page_id=10","title":{"rendered":"Femelle(s)"},"content":{"rendered":"<p>Voici nos femelles:<\/p>\n<p><a href=\"http:\/\/www.leadele.be\/?page_id=359\">Ad\u00e8le du Val de la Bel<\/a>\u00a0\u00a0\u00a0\u00a0\u00a0\u00a0\u00a0\u00a0\u00a0\u00a0\u00a0\u00a0\u00a0\u00a0\u00a0\u00a0\u00a0\u00a0\u00a0\u00a0\u00a0\u00a0\u00a0\u00a0\u00a0\u00a0\u00a0\u00a0\u00a0\u00a0\u00a0\u00a0\u00a0\u00a0\u00a0\u00a0\u00a0\u00a0\u00a0\u00a0\u00a0\u00a0\u00a0\u00a0\u00a0\u00a0\u00a0\u00a0\u00a0\u00a0\u00a0\u00a0\u00a0\u00a0\u00a0\u00a0\u00a0\u00a0<a href=\"http:\/\/www.leadele.be\/?page_id=363\">Nila\u00a0de\u00a0L\u00e9ad\u00e8le<\/a><\/p>\n<p><a href=\"http:\/\/www.leadele.be\/?page_id=359\"><img loading=\"lazy\" decoding=\"async\" class=\"alignnone size-medium wp-image-16\" src=\"http:\/\/www.leadele.be\/wp-content\/uploads\/2014\/02\/adele5-200x300.jpg\" alt=\"adele5\" width=\"200\" height=\"300\" srcset=\"http:\/\/www.leadele.be\/wp-content\/uploads\/2014\/02\/adele5-200x300.jpg 200w, http:\/\/www.leadele.be\/wp-content\/uploads\/2014\/02\/adele5.jpg 640w\" sizes=\"(max-width: 200px) 100vw, 200px\" \/> <\/a><\/p>\n","protected":false},"excerpt":{"rendered":"<p>Voici nos femelles: Ad\u00e8le du Val de la Bel\u00a0\u00a0\u00a0\u00a0\u00a0\u00a0\u00a0\u00a0\u00a0\u00a0\u00a0\u00a0\u00a0\u00a0\u00a0\u00a0\u00a0\u00a0\u00a0\u00a0\u00a0\u00a0\u00a0\u00a0\u00a0\u00a0\u00a0\u00a0\u00a0\u00a0\u00a0\u00a0\u00a0\u00a0\u00a0\u00a0\u00a0\u00a0\u00a0\u00a0\u00a0\u00a0\u00a0\u00a0\u00a0\u00a0\u00a0\u00a0\u00a0\u00a0\u00a0\u00a0\u00a0\u00a0\u00a0\u00a0\u00a0\u00a0Nila\u00a0de\u00a0L\u00e9ad\u00e8le<\/p>\n","protected":false},"author":1,"featured_media":0,"parent":0,"menu_order":0,"comment_status":"closed","ping_status":"open","template":"","meta":{"footnotes":""},"yoast_head":"<!-- This site is optimized with the Yoast SEO plugin v23.5 - https:\/\/yoast.com\/wordpress\/plugins\/seo\/ -->\n<title>Femelle(s) - Chatterie de L\u00e9ad\u00e8le<\/title>\n<meta name=\"robots\" content=\"index, follow, max-snippet:-1, max-image-preview:large, max-video-preview:-1\" \/>\n<link rel=\"canonical\" href=\"http:\/\/www.leadele.be\/?page_id=10\" \/>\n<meta property=\"og:locale\" content=\"fr_FR\" \/>\n<meta property=\"og:type\" content=\"article\" \/>\n<meta property=\"og:title\" content=\"Femelle(s) - Chatterie de L\u00e9ad\u00e8le\" \/>\n<meta property=\"og:description\" content=\"Voici nos femelles: Ad\u00e8le du Val de la Bel\u00a0\u00a0\u00a0\u00a0\u00a0\u00a0\u00a0\u00a0\u00a0\u00a0\u00a0\u00a0\u00a0\u00a0\u00a0\u00a0\u00a0\u00a0\u00a0\u00a0\u00a0\u00a0\u00a0\u00a0\u00a0\u00a0\u00a0\u00a0\u00a0\u00a0\u00a0\u00a0\u00a0\u00a0\u00a0\u00a0\u00a0\u00a0\u00a0\u00a0\u00a0\u00a0\u00a0\u00a0\u00a0\u00a0\u00a0\u00a0\u00a0\u00a0\u00a0\u00a0\u00a0\u00a0\u00a0\u00a0\u00a0\u00a0Nila\u00a0de\u00a0L\u00e9ad\u00e8le\" \/>\n<meta property=\"og:url\" content=\"http:\/\/www.leadele.be\/?page_id=10\" \/>\n<meta property=\"og:site_name\" content=\"Chatterie de L\u00e9ad\u00e8le\" \/>\n<meta property=\"article:publisher\" content=\"https:\/\/www.facebook.com\/chatterieleadele\" \/>\n<meta property=\"article:modified_time\" content=\"2017-12-11T12:20:54+00:00\" \/>\n<meta property=\"og:image\" content=\"http:\/\/www.leadele.be\/wp-content\/uploads\/2014\/02\/adele5-200x300.jpg\" \/>\n<meta name=\"twitter:card\" content=\"summary_large_image\" \/>\n<script type=\"application\/ld+json\" class=\"yoast-schema-graph\">{\"@context\":\"https:\/\/schema.org\",\"@graph\":[{\"@type\":\"WebPage\",\"@id\":\"http:\/\/www.leadele.be\/?page_id=10\",\"url\":\"http:\/\/www.leadele.be\/?page_id=10\",\"name\":\"Femelle(s) - Chatterie de L\u00e9ad\u00e8le\",\"isPartOf\":{\"@id\":\"https:\/\/www.leadele.be\/#website\"},\"primaryImageOfPage\":{\"@id\":\"http:\/\/www.leadele.be\/?page_id=10#primaryimage\"},\"image\":{\"@id\":\"http:\/\/www.leadele.be\/?page_id=10#primaryimage\"},\"thumbnailUrl\":\"http:\/\/www.leadele.be\/wp-content\/uploads\/2014\/02\/adele5-200x300.jpg\",\"datePublished\":\"2014-02-10T21:17:32+00:00\",\"dateModified\":\"2017-12-11T12:20:54+00:00\",\"breadcrumb\":{\"@id\":\"http:\/\/www.leadele.be\/?page_id=10#breadcrumb\"},\"inLanguage\":\"fr-FR\",\"potentialAction\":[{\"@type\":\"ReadAction\",\"target\":[\"http:\/\/www.leadele.be\/?page_id=10\"]}]},{\"@type\":\"ImageObject\",\"inLanguage\":\"fr-FR\",\"@id\":\"http:\/\/www.leadele.be\/?page_id=10#primaryimage\",\"url\":\"http:\/\/www.leadele.be\/wp-content\/uploads\/2014\/02\/adele5.jpg\",\"contentUrl\":\"http:\/\/www.leadele.be\/wp-content\/uploads\/2014\/02\/adele5.jpg\",\"width\":640,\"height\":960},{\"@type\":\"BreadcrumbList\",\"@id\":\"http:\/\/www.leadele.be\/?page_id=10#breadcrumb\",\"itemListElement\":[{\"@type\":\"ListItem\",\"position\":1,\"name\":\"Accueil\",\"item\":\"https:\/\/www.leadele.be\/\"},{\"@type\":\"ListItem\",\"position\":2,\"name\":\"Femelle(s)\"}]},{\"@type\":\"WebSite\",\"@id\":\"https:\/\/www.leadele.be\/#website\",\"url\":\"https:\/\/www.leadele.be\/\",\"name\":\"Chatterie de L\u00e9ad\u00e8le\",\"description\":\"Chatterie British Shorthair Black Silver Tabby\",\"potentialAction\":[{\"@type\":\"SearchAction\",\"target\":{\"@type\":\"EntryPoint\",\"urlTemplate\":\"https:\/\/www.leadele.be\/?s={search_term_string}\"},\"query-input\":{\"@type\":\"PropertyValueSpecification\",\"valueRequired\":true,\"valueName\":\"search_term_string\"}}],\"inLanguage\":\"fr-FR\"}]}<\/script>\n<!-- \/ Yoast SEO plugin. -->","yoast_head_json":{"title":"Femelle(s) - Chatterie de L\u00e9ad\u00e8le","robots":{"index":"index","follow":"follow","max-snippet":"max-snippet:-1","max-image-preview":"max-image-preview:large","max-video-preview":"max-video-preview:-1"},"canonical":"http:\/\/www.leadele.be\/?page_id=10","og_locale":"fr_FR","og_type":"article","og_title":"Femelle(s) - Chatterie de L\u00e9ad\u00e8le","og_description":"Voici nos femelles: Ad\u00e8le du Val de la Bel\u00a0\u00a0\u00a0\u00a0\u00a0\u00a0\u00a0\u00a0\u00a0\u00a0\u00a0\u00a0\u00a0\u00a0\u00a0\u00a0\u00a0\u00a0\u00a0\u00a0\u00a0\u00a0\u00a0\u00a0\u00a0\u00a0\u00a0\u00a0\u00a0\u00a0\u00a0\u00a0\u00a0\u00a0\u00a0\u00a0\u00a0\u00a0\u00a0\u00a0\u00a0\u00a0\u00a0\u00a0\u00a0\u00a0\u00a0\u00a0\u00a0\u00a0\u00a0\u00a0\u00a0\u00a0\u00a0\u00a0\u00a0\u00a0Nila\u00a0de\u00a0L\u00e9ad\u00e8le","og_url":"http:\/\/www.leadele.be\/?page_id=10","og_site_name":"Chatterie de L\u00e9ad\u00e8le","article_publisher":"https:\/\/www.facebook.com\/chatterieleadele","article_modified_time":"2017-12-11T12:20:54+00:00","og_image":[{"url":"http:\/\/www.leadele.be\/wp-content\/uploads\/2014\/02\/adele5-200x300.jpg"}],"twitter_card":"summary_large_image","schema":{"@context":"https:\/\/schema.org","@graph":[{"@type":"WebPage","@id":"http:\/\/www.leadele.be\/?page_id=10","url":"http:\/\/www.leadele.be\/?page_id=10","name":"Femelle(s) - Chatterie de L\u00e9ad\u00e8le","isPartOf":{"@id":"https:\/\/www.leadele.be\/#website"},"primaryImageOfPage":{"@id":"http:\/\/www.leadele.be\/?page_id=10#primaryimage"},"image":{"@id":"http:\/\/www.leadele.be\/?page_id=10#primaryimage"},"thumbnailUrl":"http:\/\/www.leadele.be\/wp-content\/uploads\/2014\/02\/adele5-200x300.jpg","datePublished":"2014-02-10T21:17:32+00:00","dateModified":"2017-12-11T12:20:54+00:00","breadcrumb":{"@id":"http:\/\/www.leadele.be\/?page_id=10#breadcrumb"},"inLanguage":"fr-FR","potentialAction":[{"@type":"ReadAction","target":["http:\/\/www.leadele.be\/?page_id=10"]}]},{"@type":"ImageObject","inLanguage":"fr-FR","@id":"http:\/\/www.leadele.be\/?page_id=10#primaryimage","url":"http:\/\/www.leadele.be\/wp-content\/uploads\/2014\/02\/adele5.jpg","contentUrl":"http:\/\/www.leadele.be\/wp-content\/uploads\/2014\/02\/adele5.jpg","width":640,"height":960},{"@type":"BreadcrumbList","@id":"http:\/\/www.leadele.be\/?page_id=10#breadcrumb","itemListElement":[{"@type":"ListItem","position":1,"name":"Accueil","item":"https:\/\/www.leadele.be\/"},{"@type":"ListItem","position":2,"name":"Femelle(s)"}]},{"@type":"WebSite","@id":"https:\/\/www.leadele.be\/#website","url":"https:\/\/www.leadele.be\/","name":"Chatterie de L\u00e9ad\u00e8le","description":"Chatterie British Shorthair Black Silver Tabby","potentialAction":[{"@type":"SearchAction","target":{"@type":"EntryPoint","urlTemplate":"https:\/\/www.leadele.be\/?s={search_term_string}"},"query-input":{"@type":"PropertyValueSpecification","valueRequired":true,"valueName":"search_term_string"}}],"inLanguage":"fr-FR"}]}},"_links":{"self":[{"href":"http:\/\/www.leadele.be\/index.php?rest_route=\/wp\/v2\/pages\/10"}],"collection":[{"href":"http:\/\/www.leadele.be\/index.php?rest_route=\/wp\/v2\/pages"}],"about":[{"href":"http:\/\/www.leadele.be\/index.php?rest_route=\/wp\/v2\/types\/page"}],"author":[{"embeddable":true,"href":"http:\/\/www.leadele.be\/index.php?rest_route=\/wp\/v2\/users\/1"}],"replies":[{"embeddable":true,"href":"http:\/\/www.leadele.be\/index.php?rest_route=%2Fwp%2Fv2%2Fcomments&post=10"}],"version-history":[{"count":7,"href":"http:\/\/www.leadele.be\/index.php?rest_route=\/wp\/v2\/pages\/10\/revisions"}],"predecessor-version":[{"id":370,"href":"http:\/\/www.leadele.be\/index.php?rest_route=\/wp\/v2\/pages\/10\/revisions\/370"}],"wp:attachment":[{"href":"http:\/\/www.leadele.be\/index.php?rest_route=%2Fwp%2Fv2%2Fmedia&parent=10"}],"curies":[{"name":"wp","href":"https:\/\/api.w.org\/{rel}","templated":true}]}}